{"id":2007,"date":"2022-03-08T16:38:27","date_gmt":"2022-03-08T19:38:27","guid":{"rendered":"https:\/\/www-dev.valgroupco.com\/?page_id=2007"},"modified":"2025-09-10T08:00:29","modified_gmt":"2025-09-10T11:00:29","slug":"politica-integrada-do-sistema-de-gestao","status":"publish","type":"page","link":"https:\/\/www.valgroupco.com\/es\/politica-integrada-do-sistema-de-gestao\/","title":{"rendered":"Pol\u00edtica Integrada del Sistema de Gesti\u00f3n"},"content":{"rendered":"<p data-start=\"1853\" data-end=\"2262\">Valgroup, siendo una de las mayores transformadoras y recicladoras de pl\u00e1sticos, ofrece soluciones en la fabricaci\u00f3n de envases flexibles y r\u00edgidos, resinas recicladas, compuestos termopl\u00e1sticos extruidos, masterbatches, aditivos, maquinaria e impresi\u00f3n digital. Tambi\u00e9n cuenta con un centro de innovaci\u00f3n que act\u00faa como laboratorio de pruebas y brinda servicios de soluciones especializadas a los clientes.<\/p>\n<p data-start=\"2264\" data-end=\"2347\">En el \u00e1mbito de su sistema de gesti\u00f3n, Valgroup asume los siguientes compromisos:<\/p>\n<ul data-start=\"2348\" data-end=\"3129\">\n<li data-start=\"2348\" data-end=\"2504\">\n<p data-start=\"2350\" data-end=\"2504\">La satisfacci\u00f3n de los clientes y el cumplimiento de los requisitos aplicables a su negocio, ofreciendo soluciones con calidad en productos y servicios;<\/p>\n<\/li>\n<li data-start=\"2505\" data-end=\"2588\">\n<p data-start=\"2507\" data-end=\"2588\">La mejora continua del Sistema de Gesti\u00f3n Integrado para aumentar el desempe\u00f1o;<\/p>\n<\/li>\n<li data-start=\"2589\" data-end=\"2762\">\n<p data-start=\"2591\" data-end=\"2762\">El suministro de productos seguros, cumpliendo con los requisitos de buenas pr\u00e1cticas de fabricaci\u00f3n (BPF) y promoviendo una cultura interna de seguridad en los envases;<\/p>\n<\/li>\n<li data-start=\"2763\" data-end=\"2901\">\n<p data-start=\"2765\" data-end=\"2901\">La protecci\u00f3n del medio ambiente mediante soluciones sostenibles, minimizando los impactos ambientales y previniendo la contaminaci\u00f3n;<\/p>\n<\/li>\n<li data-start=\"2902\" data-end=\"3004\">\n<p data-start=\"2904\" data-end=\"3004\">El cumplimiento del c\u00f3digo de \u00e9tica, de los requisitos legales y de otros requisitos aplicables; y<\/p>\n<\/li>\n<li data-start=\"3005\" data-end=\"3129\">\n<p data-start=\"3007\" data-end=\"3129\">La promoci\u00f3n de un entorno saludable y con condiciones de trabajo seguras para la salud y seguridad de los trabajadores.<\/p>\n<\/li>\n<\/ul>\n<p data-start=\"3131\" data-end=\"3456\">Valgroup garantiza que su pol\u00edtica se comunica, implementa y mantiene en todos los niveles de la organizaci\u00f3n, asegurando que sus colaboradores cuenten con la motivaci\u00f3n y la capacitaci\u00f3n necesarias para desarrollar sus competencias y enriquecer sus conocimientos, para un desempe\u00f1o eficaz y responsable de sus actividades.<\/p>\n<p data-start=\"3458\" data-end=\"3712\">El Sistema de Gesti\u00f3n Integrado evolucionar\u00e1 para atender esta pol\u00edtica y otras directrices de la organizaci\u00f3n, sin limitarse \u00fanicamente a dicha evoluci\u00f3n, conforme a las necesidades y expectativas observadas en los procesos y en el sector empresarial.<\/p>\n","protected":false},"excerpt":{"rendered":"<p>Valgroup, siendo una de las mayores transformadoras y recicladoras de pl\u00e1sticos, ofrece soluciones en la fabricaci\u00f3n de envases flexibles y r\u00edgidos, resinas recicladas, compuestos termopl\u00e1sticos extruidos, masterbatches, aditivos, maquinaria e impresi\u00f3n digital. Tambi\u00e9n cuenta con un centro de innovaci\u00f3n que act\u00faa como laboratorio de pruebas y brinda servicios de soluciones especializadas a los clientes. En [&hellip;]<\/p>\n","protected":false},"author":1,"featured_media":0,"parent":0,"menu_order":0,"comment_status":"closed","ping_status":"closed","template":"","meta":{"_acf_changed":false,"inline_featured_image":false,"footnotes":""},"class_list":["post-2007","page","type-page","status-publish","hentry"],"acf":[],"_links":{"self":[{"href":"https:\/\/www.valgroupco.com\/es\/wp-json\/wp\/v2\/pages\/2007","targetHints":{"allow":["GET"]}}],"collection":[{"href":"https:\/\/www.valgroupco.com\/es\/wp-json\/wp\/v2\/pages"}],"about":[{"href":"https:\/\/www.valgroupco.com\/es\/wp-json\/wp\/v2\/types\/page"}],"author":[{"embeddable":true,"href":"https:\/\/www.valgroupco.com\/es\/wp-json\/wp\/v2\/users\/1"}],"replies":[{"embeddable":true,"href":"https:\/\/www.valgroupco.com\/es\/wp-json\/wp\/v2\/comments?post=2007"}],"version-history":[{"count":16,"href":"https:\/\/www.valgroupco.com\/es\/wp-json\/wp\/v2\/pages\/2007\/revisions"}],"predecessor-version":[{"id":12232,"href":"https:\/\/www.valgroupco.com\/es\/wp-json\/wp\/v2\/pages\/2007\/revisions\/12232"}],"wp:attachment":[{"href":"https:\/\/www.valgroupco.com\/es\/wp-json\/wp\/v2\/media?parent=2007"}],"curies":[{"name":"wp","href":"https:\/\/api.w.org\/{rel}","templated":true}]}}