{"id":2095,"date":"2022-03-21T12:11:11","date_gmt":"2022-03-21T15:11:11","guid":{"rendered":"https:\/\/www-dev.valgroupco.com\/?page_id=2095"},"modified":"2025-05-28T15:28:25","modified_gmt":"2025-05-28T18:28:25","slug":"politica-de-cookies","status":"publish","type":"page","link":"https:\/\/www.valgroupco.com\/es\/politica-de-cookies\/","title":{"rendered":"Pol\u00edtica de Cookies"},"content":{"rendered":"<h2><u>Pol\u00edtica de cookies<\/u><\/h2>\n<h2><u>\u00a0<\/u><\/h2>\n<p>Actualizado el 27 de mayo de 2025<\/p>\n<p>Nuestro sitio web utiliza cookies para mejorar el rendimiento y mejorar su experiencia de navegaci\u00f3n. Ciertas \u00e1reas de nuestro sitio web tambi\u00e9n utilizan cookies para comprender mejor sobre usted y para que podamos ofrecerle una experiencia de navegaci\u00f3n m\u00e1s personalizada. Al continuar utilizando este sitio web, usted reconoce que podemos colocar cookies u otras tecnolog\u00edas similares en su equipo, incluido su dispositivo m\u00f3vil.<\/p>\n<h2>\u00bfQu\u00e9 son las cookies?<\/h2>\n<p>Las cookies son peque\u00f1os archivos, que contienen algunos datos sobre su visita, que se almacenan en su dispositivo cuando visita un sitio web. El t\u00e9rmino \u00abcookie\u00bb se puede utilizar para describir una serie de tecnolog\u00edas, incluidas, entre otras, las etiquetas de p\u00edxel, las balizas web y los identificadores de dispositivos m\u00f3viles.<\/p>\n<p>Estos archivos permiten que el sitio reconozca su dispositivo y registre su interacci\u00f3n en las p\u00e1ginas del propio sitio. Son ampliamente utilizados en la web para mejorar la experiencia del usuario, proporcionar informaci\u00f3n a los propietarios de sitios web y ofrecer funcionalidades avanzadas.<\/p>\n<p>Estas cookies se devuelven al sitio web de origen en cada visita posterior o a otros sitios web que reconocen esta cookie. Las cookies permiten que el sitio web reconozca su dispositivo y recuerde informaci\u00f3n importante, como sus preferencias, art\u00edculos en el carrito de compras y detalles de inicio de sesi\u00f3n.<\/p>\n<h2>\u00bfPor qu\u00e9 utilizamos cookies?<\/h2>\n<p>Las cookies realizan muchas tareas diferentes, como optimizar su navegaci\u00f3n por las p\u00e1ginas, recordar sus preferencias y personalizar su experiencia mientras navega. Tambi\u00e9n ayudan a garantizar que los anuncios y otros contenidos a los que acceda en l\u00ednea sean relevantes para usted. Adem\u00e1s, se utilizan para recopilar datos estad\u00edsticos que se utilizan para implementar mejoras en nuestro sitio web y garantizar la mejor experiencia de usuario.<\/p>\n<h2>\u00bfC\u00f3mo utiliza VALGROUP las cookies?<\/h2>\n<p><strong>VALGROUP <\/strong>utiliza los siguientes tipos de Cookies:<\/p>\n<p><strong>Cookies esenciales<\/strong> : las cookies esenciales son necesarias para el funcionamiento de los Sitios y la prestaci\u00f3n de servicios, en funci\u00f3n de nuestro inter\u00e9s leg\u00edtimo. Sin estas cookies, los Sitios no funcionar\u00e1n tan bien como nos gustar\u00eda y es posible que no podamos proporcionar ciertos servicios o funciones asociados con ellos.<\/p>\n<p><strong>Cookies funcionales <\/strong>: las cookies funcionales ajustan el sitio web a servicios de terceros, como enlaces a su perfil de redes sociales, comentarios, chatbots, etc.<\/p>\n<p>Dentro de estas categor\u00edas, las cookies se pueden clasificar como cookies de \u00absesi\u00f3n\u00bb o \u00abpersistentes\u00bb. Las cookies de \u00absesi\u00f3n\u00bb son temporales y una vez que cierre la ventana de su navegador, se eliminar\u00e1n de su dispositivo. Los persistentes, por otro lado, permanecen en su dispositivo hasta su fecha de vencimiento, o hasta que los elimine, y son utilizados por el sitio web para reconocer su dispositivo en sus visitas posteriores.<\/p>\n<h2>\u00bfUtilizamos cookies de terceros?<\/h2>\n<p>Algunas cookies que utilizamos son de otras empresas que prestan servicios en nuestro sitio web, como herramientas de an\u00e1lisis o plugins de redes sociales como Google Analytics. Estas empresas utilizan c\u00f3digo de programaci\u00f3n para recopilar informaci\u00f3n sobre su interacci\u00f3n con nuestros sitios, como las p\u00e1ginas que visita, los enlaces en los que hace clic y el tiempo que permanece conectado a nuestros sitios.<\/p>\n<h2>\u00bfQu\u00e9 otras tecnolog\u00edas de seguimiento utilizamos?<\/h2>\n<p>Tambi\u00e9n podemos utilizar balizas web (incluidos los p\u00edxeles de conversi\u00f3n) u otras tecnolog\u00edas para fines similares, y podemos incluirlas en nuestros sitios web, en mensajes de correo electr\u00f3nico de marketing o en nuestros boletines informativos y sitios web afiliados para determinar si se han abierto mensajes y se ha hecho clic en enlaces. Las balizas web no instalan informaci\u00f3n en su dispositivo, pero pueden funcionar junto con las cookies para monitorear la actividad del sitio web. Los p\u00edxeles de conversi\u00f3n son peque\u00f1os fragmentos de c\u00f3digo ubicados en una p\u00e1gina web en particular que cambian cuando alguien visita la p\u00e1gina, lo que resulta en un mayor recuento de conversiones.<\/p>\n<h2>\u00bfQu\u00e9 pasa si no quiero las cookies?<\/h2>\n<p>Al utilizar nuestro sitio web, usted acepta que podemos utilizar cookies en su dispositivo. En su primer acceso, aparecer\u00e1 un \u00abbanner de cookies\u00bb que le informar\u00e1 sobre el uso de cookies en nuestro sitio web. La configuraci\u00f3n con respecto al uso de cookies se puede cambiar en su navegador. Consulte la secci\u00f3n de ayuda de su navegador para obtener informaci\u00f3n sobre c\u00f3mo cambiar la configuraci\u00f3n de las cookies. Tenga en cuenta que deshabilitar las cookies puede afectar negativamente la funcionalidad de ciertas funciones en nuestro sitio web.<\/p>\n<p>Si tiene alguna pregunta sobre esta Pol\u00edtica de Cookies, p\u00f3ngase en contacto con nosotros en:<\/p>\n<p>Cookies que utilizamos en nuestro sitio web: <strong>Cook<\/strong><\/p>\n<table width=\"567\">\n<tbody>\n<tr>\n<td colspan=\"4\" width=\"566\"><strong>\u00a0<\/strong><strong>Cookies esenciales<\/strong><\/td>\n<td width=\"0\">&nbsp;<\/td>\n<\/tr>\n<tr>\n<td width=\"155\"><strong>Nombre<\/strong><\/td>\n<td width=\"157\"><strong>Proveedor<\/strong><\/td>\n<td width=\"172\"><strong>Funci\u00f3n<\/strong><\/td>\n<td colspan=\"2\" width=\"82\"><strong>T\u00e9rmino<\/strong><\/td>\n<\/tr>\n<tr>\n<td width=\"155\">NSYnTIGlK<\/td>\n<td width=\"157\">www.valgroupco.com<\/td>\n<td width=\"172\">Se utiliza para la sesi\u00f3n, la autenticaci\u00f3n o el equilibrio de carga<\/td>\n<td colspan=\"2\" width=\"82\">101 d\u00edas<\/td>\n<\/tr>\n<tr>\n<td width=\"155\">cookie_consent_level<\/td>\n<td width=\"157\">www.valgroupco.com<\/td>\n<td width=\"172\">Almacena el nivel de consentimiento de cookies elegido por el usuario.<\/td>\n<td colspan=\"2\" width=\"82\">138 d\u00edas<\/td>\n<\/tr>\n<tr>\n<td width=\"155\">cookiesession1<\/td>\n<td width=\"157\">www.valgroupco.com<\/td>\n<td width=\"172\">Identifique la sesi\u00f3n activa de un usuario.<\/td>\n<td colspan=\"2\" width=\"82\">46 d\u00edas<\/td>\n<\/tr>\n<tr>\n<td width=\"155\">pfriSBsgmwUoEcZd<\/td>\n<td width=\"157\">www.valgroupco.com<\/td>\n<td width=\"172\">Nombre gen\u00e9rico\/aleatorio, puede ser un identificador de sesi\u00f3n o un seguimiento.<\/td>\n<td colspan=\"2\" width=\"82\">&nbsp;<\/p>\n<p>120 d\u00edas<\/td>\n<\/tr>\n<tr>\n<td width=\"155\"><\/td>\n<td width=\"157\"><\/td>\n<td width=\"172\"><\/td>\n<td width=\"82\"><\/td>\n<td width=\"0\"><\/td>\n<\/tr>\n<\/tbody>\n<\/table>\n<p>&nbsp;<\/p>\n<table width=\"567\">\n<tbody>\n<tr>\n<td colspan=\"4\" width=\"566\"><strong>Cookies funcionales<\/strong><\/td>\n<td width=\"0\">&nbsp;<\/td>\n<\/tr>\n<tr>\n<td width=\"97\"><strong>Nombre<\/strong><\/td>\n<td width=\"157\"><strong>Proveedor<\/strong><\/td>\n<td width=\"191\"><strong>Funci\u00f3n<\/strong><\/td>\n<td colspan=\"2\" width=\"121\"><strong>T\u00e9rmino<\/strong><\/td>\n<\/tr>\n<tr>\n<td width=\"97\">language<\/td>\n<td width=\"157\">www.valgroupco.com<\/td>\n<td width=\"191\">Almacenar informaci\u00f3n en el navegador del usuario, lo que le permite recordar preferencias, mantener sesiones activas y personalizar la experiencia en el sitio web.<\/td>\n<td colspan=\"2\" width=\"121\">92 d\u00edas<\/td>\n<\/tr>\n<tr>\n<td width=\"97\"><\/td>\n<td width=\"157\"><\/td>\n<td width=\"191\"><\/td>\n<td width=\"121\"><\/td>\n<td width=\"0\"><\/td>\n<\/tr>\n<\/tbody>\n<\/table>\n<p>&nbsp;<\/p>\n<p>&nbsp;<\/p>\n","protected":false},"excerpt":{"rendered":"<p>Pol\u00edtica de cookies \u00a0 Actualizado el 27 de mayo de 2025 Nuestro sitio web utiliza cookies para mejorar el rendimiento y mejorar su experiencia de navegaci\u00f3n. Ciertas \u00e1reas de nuestro sitio web tambi\u00e9n utilizan cookies para comprender mejor sobre usted y para que podamos ofrecerle una experiencia de navegaci\u00f3n m\u00e1s personalizada. Al continuar utilizando este [&hellip;]<\/p>\n","protected":false},"author":1,"featured_media":0,"parent":0,"menu_order":0,"comment_status":"closed","ping_status":"closed","template":"","meta":{"_acf_changed":false,"inline_featured_image":false,"footnotes":""},"class_list":["post-2095","page","type-page","status-publish","hentry"],"acf":[],"_links":{"self":[{"href":"https:\/\/www.valgroupco.com\/es\/wp-json\/wp\/v2\/pages\/2095","targetHints":{"allow":["GET"]}}],"collection":[{"href":"https:\/\/www.valgroupco.com\/es\/wp-json\/wp\/v2\/pages"}],"about":[{"href":"https:\/\/www.valgroupco.com\/es\/wp-json\/wp\/v2\/types\/page"}],"author":[{"embeddable":true,"href":"https:\/\/www.valgroupco.com\/es\/wp-json\/wp\/v2\/users\/1"}],"replies":[{"embeddable":true,"href":"https:\/\/www.valgroupco.com\/es\/wp-json\/wp\/v2\/comments?post=2095"}],"version-history":[{"count":26,"href":"https:\/\/www.valgroupco.com\/es\/wp-json\/wp\/v2\/pages\/2095\/revisions"}],"predecessor-version":[{"id":12114,"href":"https:\/\/www.valgroupco.com\/es\/wp-json\/wp\/v2\/pages\/2095\/revisions\/12114"}],"wp:attachment":[{"href":"https:\/\/www.valgroupco.com\/es\/wp-json\/wp\/v2\/media?parent=2095"}],"curies":[{"name":"wp","href":"https:\/\/api.w.org\/{rel}","templated":true}]}}