{"id":2111,"date":"2022-03-21T12:26:55","date_gmt":"2022-03-21T15:26:55","guid":{"rendered":"https:\/\/www-dev.valgroupco.com\/?page_id=2111"},"modified":"2022-03-21T12:30:57","modified_gmt":"2022-03-21T15:30:57","slug":"termos-e-condicoes-gerais-de-uso","status":"publish","type":"page","link":"https:\/\/www.valgroupco.com\/es\/termos-e-condicoes-gerais-de-uso\/","title":{"rendered":"T\u00c9RMINOS Y CONDICIONES GENERALES DE USO"},"content":{"rendered":"<h2>T\u00c9RMINOS Y CONDICIONES GENERALES DE USO DE LA PLATAFORMA ONLINE (\u201cSITIO WEB\u201d O \u201cPLATAFORMA\u201d) DE VALGROUP.<\/h2>\n<p><strong> <\/strong><\/p>\n<p>POR FAVOR, LEA CON ATENCI\u00d3N ESTOS T\u00c9RMINOS DE LICENCIA DE USO (\u201cT\u00c9RMINO\u201d) DEL SITIO WEB DE VALGROUP<\/p>\n<p><strong> <\/strong><\/p>\n<p>Si usted no concuerda con este T\u00e9rmino o cualesquiera condiciones que aqu\u00ed aparecen, usted no debe utilizar la plataforma online. Al realizar login y utilizarla, usted reconoce la integridad de este documento y concuerda que se vincul\u00f3 a sus t\u00e9rminos de forma libre y espont\u00e1nea.<\/p>\n<p>&nbsp;<\/p>\n<p>Valgroup se reserva su derecho de modificar el texto de este T\u00c9RMINO en cualquier momento y sin la necesidad de cualquier aviso previo al Usuario. Al utilizar el SITIO WEB el usuario concuerda que Valgroup podr\u00e1 modificar este T\u00c9RMINO unilateralmente con una simple notificaci\u00f3n por medio de mensaje autom\u00e1tico al acceder el SITIO WEB o por e-mail.<\/p>\n<p>La utilizaci\u00f3n de la plataforma online y de los recursos y herramientas dispuestos es regida por este T\u00c9RMINO y por la POL\u00cdTICA DE PRIVACIDAD y ambos son aplicables a cualquier usuario de la plataforma. Queda esclarecido que los t\u00e9rminos \u201cUsuario\u201d o \u201cUsted\u201d significan todos los usuarios del SITIO WEB, ya sean ellos contratados, contratantes, terceros, clientes y\/o cualesquiera personas f\u00edsicas o jur\u00eddicas que tengan cualquier interacci\u00f3n con el SITIO WEB.<\/p>\n<p>Adicionalmente, todos los Usuarios estar\u00e1n sujetos a la contratos espec\u00edficos que ser\u00e1n firmados entre las partes.<\/p>\n<p>&nbsp;<\/p>\n<ol>\n<li><strong>T\u00c9RMINOS DE USO DEL SITIO WEB<\/strong><\/li>\n<\/ol>\n<p>En este acto, Valgroup le concede a usted una licencia limitada, no exclusiva, intransferible, no sublicenciable y revocable para utilizar el SITIO WEB de acuerdo con este T\u00c9RMINO y la POL\u00cdTICA DE PRIVACIDAD.<\/p>\n<p>El SITIO WEB ser\u00e1 dispuesto en la red mundial de Internet a trav\u00e9s de la direcci\u00f3n: <a href=\"https:\/\/www.valgroupco.com\">www.valgroupco.com<\/a><\/p>\n<p>Para utilizar, el usuario deber\u00e1 tener un dispositivo computadora o celular, que permita la conexi\u00f3n a Internet (como, por ejemplo, conexi\u00f3n wifi, 3G o 4G). El SITIO WEB no podr\u00e1 ser utilizado en el caso que no posea este tipo de conexi\u00f3n y tecnolog\u00eda, y la adquisici\u00f3n de tales conexiones y tecnolog\u00edas es de su total responsabilidad.<\/p>\n<p>&nbsp;<\/p>\n<ol start=\"2\">\n<li><strong>PROPIEDAD INTELECTUAL<\/strong><\/li>\n<\/ol>\n<p>El SITIO WEB, as\u00ed como todos los elementos que lo componen, es pose\u00eddo o controlado por Valgroup y est\u00e1 protegido por la ley contra la utilizaci\u00f3n no autorizada. Usted no adquiere ning\u00fan derecho al utilizar el SITIO WEB, as\u00ed como bajar o enviar cualquier contenido, a no ser conforme est\u00e1 descrito expresamente en este T\u00c9RMINO. Usted se compromete a no copiar, modificar, redistribuir, descompilar, hacer ingenier\u00eda reversa, traducir, publicar o de cualquier manera explotar el SITIO WEB.<\/p>\n<p>&nbsp;<\/p>\n<ol start=\"3\">\n<li><strong>REGISTRO PARA LA UTILIZACI\u00d3N DEL SITIO WEB<\/strong><\/li>\n<\/ol>\n<p>Para utilizar el SITIO WEB, ser\u00e1 necesario que el Usuario cree un nombre de usuario e informe algunos datos personales. Por favor, lea la POL\u00cdTICA DE PRIVACIDAD para entender c\u00f3mo el SITIO WEB tendr\u00e1 acceso a sus datos. Al registrarse, el Usuario declara haber le\u00eddo, comprendido y aceptado los t\u00e9rminos de este documento y de la POL\u00cdTICA DE PRIVACIDAD.<\/p>\n<p>Es de exclusiva responsabilidad del Usuario suministrar, actualizar y garantizar la veracidad de los datos de registro y est\u00e1 prohibida la creaci\u00f3n de m\u00e1s de un registro por Usuario.<\/p>\n<p>El usuario se compromete a no informar sus datos de registro y\/o de acceso a la plataforma a terceros, responsabiliz\u00e1ndose integralmente por el uso que de ellos sea hecho.<\/p>\n<p>Despu\u00e9s de la confirmaci\u00f3n del registro, el usuario poseer\u00e1 un login y una contrase\u00f1a personal, la cual le asegura al usuario el acceso individual a la misma. De esta forma, compete al usuario exclusivamente el mantenimiento de la referida contrase\u00f1a de manera confidencial y segura, evitando el acceso indebido a la informaci\u00f3n personal.<\/p>\n<p>Toda y cualquier actividad realizada con el uso de la contrase\u00f1a ser\u00e1 de responsabilidad del usuario, que deber\u00e1 informarle r\u00e1pidamente a la plataforma en el caso de uso indebido de la respectiva contrase\u00f1a.<\/p>\n<p>&nbsp;<\/p>\n<ol start=\"4\">\n<li><strong>DEL OBJETO DEL SITIO WEB<\/strong><\/li>\n<\/ol>\n<p>La plataforma servir\u00e1 esencialmente para <strong><u>consulta de informaci\u00f3n, emisi\u00f3n de dict\u00e1menes y boletos (\u201cServicios\u201d), <\/u><\/strong>referentes al contrato o relaci\u00f3n comercial existente entre Valgroup y el Usuario, siendo que el acceso personal e intransferible ocurrir\u00e1 exclusivamente entre estas partes, no siendo accesible a la terceros extra\u00f1os al contrato.<\/p>\n<p>&nbsp;<\/p>\n<ol start=\"5\">\n<li><strong>DE LA ACEPTACI\u00d3N<\/strong><\/li>\n<\/ol>\n<p>El presente T\u00e9rmino establece obligaciones contratadas de libre y espont\u00e1nea voluntad, por tiempo indeterminado, entre la plataforma y las personas f\u00edsicas o jur\u00eddicas, usuarias del sitio web.<\/p>\n<p>Al utilizar la plataforma el usuario acepta integralmente las presentes normas y se compromete a respetarlas, bajo el riesgo de aplicaci\u00f3n de las penalidades correspondientes.<\/p>\n<p>La aceptaci\u00f3n del presente instrumento es imprescindible para el acceso y para la utilizaci\u00f3n de cualesquiera servicios suministrados por la empresa. En el caso que no concuerde con las disposiciones de este instrumento, el usuario no debe utilizarlos.<\/p>\n<p>&nbsp;<\/p>\n<ol start=\"6\">\n<li><strong>DEL ACCESO DE LOS USUARIOS<\/strong><\/li>\n<\/ol>\n<p>Ser\u00e1n utilizadas todas las soluciones t\u00e9cnicas a disposici\u00f3n del responsable de la plataforma para permitir el acceso al servicio 24 (veinticuatro) horas por d\u00eda, 7 (siete) d\u00edas por semana. No obstante, la navegaci\u00f3n en la plataforma o en alguna de sus p\u00e1ginas podr\u00e1 ser interrumpida, limitada o suspendida para actualizaciones, modificaciones o cualquier acci\u00f3n necesaria para su buen funcionamiento.<\/p>\n<p>&nbsp;<\/p>\n<ol start=\"7\">\n<li><strong>DEL SOPORTE<\/strong><\/li>\n<\/ol>\n<p>En el caso de cualquier duda, sugerencia o dificultad con la utilizaci\u00f3n de la plataforma, el usuario podr\u00e1 entrar en contacto con el soporte por medio del link: <a href=\"https:\/\/www.valgroupco.com\/sac\">www.valgroupco.com\/sac<\/a><\/p>\n<p>&nbsp;<\/p>\n<ol start=\"8\">\n<li><strong>CONFIDENCIALIDAD<\/strong><\/li>\n<\/ol>\n<p>Toda la informaci\u00f3n prestada por el Usuario es almacenada en servidores o medios magn\u00e9ticos de alta seguridad.<\/p>\n<p>Valgroup tomar\u00e1 todas las medidas razonables para mantener la confidencialidad y la seguridad de la informaci\u00f3n del Usuario, pero no ser\u00e1 responsable del perjuicio que pueda ser derivado de la violaci\u00f3n de estas medidas por parte de terceros que lo utilicen de medios indebidos, fraudulentos o ilegales para acceder a informaci\u00f3n almacenada en los servidores o en las bases de datos utilizadas por Valgroup.<\/p>\n<p>Valgroup podr\u00e1 utilizar los datos del Usuario para an\u00e1lisis, estudios, elaboraci\u00f3n de informes, todo conforme sea necesario para el desarrollo y buen funcionamiento del SITIO WEB, haciendo la anonimizaci\u00f3n de los datos siempre que sea posible.<\/p>\n<p>Valgroup, por motivos legales, mantendr\u00e1 en su base de datos toda la informaci\u00f3n recolectada del Usuario que excluyan o que tengan bloqueados\/cancelados sus registros.<\/p>\n<p>El login y la contrase\u00f1a de cada Usuario sirven para garantizar su privacidad y seguridad. Valgroup no autoriza que estos datos no sean compartidos con terceros, no responsabiliz\u00e1ndose, por tanto, por da\u00f1os o perjuicios causados en la repartici\u00f3n de esta informaci\u00f3n.<\/p>\n<p>Valgroup sigue los est\u00e1ndares de seguridad com\u00fanmente utilizados por las empresas que trabajan con transmisi\u00f3n y retenci\u00f3n de datos para garantizar la seguridad de su Usuario. No obstante, ning\u00fan m\u00e9todo de transmisi\u00f3n o retenci\u00f3n de datos electr\u00f3nicos es plenamente seguro y puede estar sujeto a ataques externos. As\u00ed, a pesar de utilizar todos los medios razonablemente existentes, Valgroup no puede garantizar la absoluta seguridad de la informaci\u00f3n prestada. El Usuario que opte por usar el SITIO WEB debe estar consciente de este riesgo, aceptando de forma espont\u00e1nea asumirlo.<\/p>\n<p>El Usuario debe tener consciencia de que Valgroup prestar\u00e1 toda la informaci\u00f3n solicitada por \u00f3rganos p\u00fablicos, siempre que sea debidamente justificada y compatible con la ley en vigor.<\/p>\n<p>El Usuario no podr\u00e1 obtener, guardar, divulgar, comercializar y\/o utilizar datos personales sobre otros Usuarios.<\/p>\n<p>&nbsp;<\/p>\n<ol start=\"9\">\n<li><strong>LIMITACI\u00d3N<\/strong> <strong>DE RESPONSABILIDAD DE VALGROUP Y DEBER DE INDEMNIZAR DEL USUARIO<\/strong><\/li>\n<\/ol>\n<p>Valgroup no se responsabiliza por vicios o defectos t\u00e9cnicos u operativos oriundos del SITIO WEB y\/o su uso.<\/p>\n<p>Valgroup no se responsabiliza por cualquier da\u00f1o, perjuicio o p\u00e9rdida sufridos por el Usuario en raz\u00f3n de fallas en su conexi\u00f3n con Internet, con su proveedor, sistema o servidor utilizados por el Usuario.<\/p>\n<p>Valgroup no ser\u00e1 responsable de cualquier virus, trojan, <em>malware, spyware <\/em>o cualquier software que pueda da\u00f1ar, modificar las configuraciones o infiltrar el equipo del Usuario como consecuencia del acceso, de la utilizaci\u00f3n o de la navegaci\u00f3n en Internet, o como consecuencia de la transferencia de datos, informaci\u00f3n, archivos, im\u00e1genes, textos o audio.<\/p>\n<p>Valgroup no es responsable de la compatibilidad entre su SITIO WEB y hardware de propiedad del Usuario. El Usuario deber\u00e1 mantener su equipo actualizado y no podr\u00e1 responsabilizar a Valgroup en el caso que el SITIO WEB no sea accesible en ciertos equipos.<\/p>\n<p>El SITIO WEB es suministrado al usuario \u00aben el estado en que se encuentra\u00bb y \u00abconforme est\u00e1 disponible\u00bb, sin ninguna garant\u00eda, condici\u00f3n, t\u00e9rmino o declaraci\u00f3n expresa o impl\u00edcita, incluyendo, sin limitaci\u00f3n cualquier garant\u00eda de desempe\u00f1o o adecuaci\u00f3n a una finalidad espec\u00edfica.<\/p>\n<p>Valgroup no ser\u00e1 responsabilizada por cualesquiera da\u00f1os directos o indirectos (incluyendo, sin limitaci\u00f3n, lucros cesantes o p\u00e9rdida\/interrupci\u00f3n de negocios) resultantes del SITIO WEB, del uso o de la incapacidad de usar el SITIO WEB, separadamente o en combinaci\u00f3n con cualquier otra aplicaci\u00f3n, software u otros.<\/p>\n<p>&nbsp;<\/p>\n<ol start=\"10\">\n<li><strong>DISPOSICIONES GENERALES<\/strong><\/li>\n<\/ol>\n<p>El Usuario no podr\u00e1 ceder o transferir los derechos y obligaciones de este T\u00c9RMINO.<\/p>\n<p>Ante la eventualidad de que cualquiera de las disposiciones de este documento sea considerada nula, anulable o ilegal, las dem\u00e1s disposiciones permanecer\u00e1n en vigor e inmodificadas y las disposiciones consideradas nulas, anulables o ilegales deber\u00e1n ser aplicadas en la m\u00e1xima extensi\u00f3n legalmente admisible o sustituidas.<\/p>\n<p>La tolerancia en lo que se refiere al incumplimiento o cumplimiento parcial de cualquier obligaci\u00f3n insertada en este T\u00c9RMINO, no caracterizar\u00e1 novaci\u00f3n, renuncia, perd\u00f3n, precedente o modificaci\u00f3n de ninguna de las partes.<\/p>\n<p>Este documento est\u00e1 regido por las leyes vigentes en la Rep\u00fablica Federativa de Brasil, siendo electo el Foro de la Comarca de Lorena, Estado de S\u00e3o Paulo, para cuestiones relativas a \u00e9l, con renuncia expresa a cualquier otro.<\/p>\n","protected":false},"excerpt":{"rendered":"<p>T\u00c9RMINOS Y CONDICIONES GENERALES DE USO DE LA PLATAFORMA ONLINE (\u201cSITIO WEB\u201d O \u201cPLATAFORMA\u201d) DE VALGROUP. POR FAVOR, LEA CON ATENCI\u00d3N ESTOS T\u00c9RMINOS DE LICENCIA DE USO (\u201cT\u00c9RMINO\u201d) DEL SITIO WEB DE VALGROUP Si usted no concuerda con este T\u00e9rmino o cualesquiera condiciones que aqu\u00ed aparecen, usted no debe utilizar la plataforma online. Al realizar [&hellip;]<\/p>\n","protected":false},"author":1,"featured_media":0,"parent":0,"menu_order":0,"comment_status":"closed","ping_status":"closed","template":"","meta":{"_acf_changed":false,"inline_featured_image":false,"footnotes":""},"class_list":["post-2111","page","type-page","status-publish","hentry"],"acf":[],"_links":{"self":[{"href":"https:\/\/www.valgroupco.com\/es\/wp-json\/wp\/v2\/pages\/2111","targetHints":{"allow":["GET"]}}],"collection":[{"href":"https:\/\/www.valgroupco.com\/es\/wp-json\/wp\/v2\/pages"}],"about":[{"href":"https:\/\/www.valgroupco.com\/es\/wp-json\/wp\/v2\/types\/page"}],"author":[{"embeddable":true,"href":"https:\/\/www.valgroupco.com\/es\/wp-json\/wp\/v2\/users\/1"}],"replies":[{"embeddable":true,"href":"https:\/\/www.valgroupco.com\/es\/wp-json\/wp\/v2\/comments?post=2111"}],"version-history":[{"count":3,"href":"https:\/\/www.valgroupco.com\/es\/wp-json\/wp\/v2\/pages\/2111\/revisions"}],"predecessor-version":[{"id":2114,"href":"https:\/\/www.valgroupco.com\/es\/wp-json\/wp\/v2\/pages\/2111\/revisions\/2114"}],"wp:attachment":[{"href":"https:\/\/www.valgroupco.com\/es\/wp-json\/wp\/v2\/media?parent=2111"}],"curies":[{"name":"wp","href":"https:\/\/api.w.org\/{rel}","templated":true}]}}